{"id":1025,"date":"2014-02-09T00:02:28","date_gmt":"2014-02-09T00:02:28","guid":{"rendered":"http:\/\/www.improwizacja.com.pl\/wp\/?page_id=1025"},"modified":"2022-02-28T10:36:28","modified_gmt":"2022-02-28T10:36:28","slug":"jak-zamawiac-improwizacja-ii-v-i-in-c","status":"publish","type":"page","link":"http:\/\/www.improwizacja.com.pl\/wp\/jak-zamawiac-improwizacja-ii-v-i-in-c\/","title":{"rendered":"Jak zamawia\u0107 &#8222;Improwizacja II V I, in C&#8221;"},"content":{"rendered":"<p><img decoding=\"async\" style=\"border: 0px solid white; width: 200px; height: 150px;\" src=\"http:\/\/www.improwizacja.com.pl\/obrazki\/screen_miniat.jpg\" alt=\"+\" \/><br \/>\n<span style=\"color: #ff0000;\">NAK\u0141AD WYCZERPANY<\/span><br \/>\n<del><span style=\"color: #ff0000;\">Domy\u015blnie publikacja umieszczona jest na p\u0142ycie DVD-rom (do odtwarzania w komputerze) \u2013 koszt: 150 z\u0142. + przesy\u0142ka.<\/span><\/del><br \/>\n<del><span style=\"color: #00ff7f;\">Zamiast na p\u0142ycie DVD, publikacja mo\u017ce zosta\u0107 umieszczona na pendrive USB. W\u00f3wczas prosz\u0119 zaznaczy\u0107 przy zam\u00f3wieniu &#8211; &#8222;na pendrive USB&#8221; oraz doliczy\u0107 20 z\u0142. <\/span><\/del><br \/>\n<del>\u017beby zam\u00f3wi\u0107 \u00a0publikacj\u0119 &#8222;Krzysztof Kralka. Improwizacja II-V-I, in C&#8221; nale\u017cy wys\u0142a\u0107 mail na adres:<\/del><br \/>\n<del>kralka@kralka.pl<\/del><\/p>\n<p><del>Temat maila: &#8222;Zamawiam&#8221;.<\/del><\/p>\n<p><del>W tre\u015bci maila poda\u0107 nale\u017cy:<\/del><\/p>\n<p><del>Zamawiam publikacj\u0119 \u00a0&#8222;Krzysztof Kralka. Improwizacja II-V-I, in C&#8221;,<\/del><br \/>\n<del>&#8211; imi\u0119 i nazwisko,<\/del><br \/>\n<del>&#8211; adres z kodem pocztowym,<\/del><br \/>\n<del>&#8211; telefon,<\/del><br \/>\n<del>&#8211; adres e-mail<\/del><br \/>\n<del>\u2013 wybrana forma p\u0142atno\u015bci:<\/del><br \/>\n<del>1) pobranie (paczka pocztowa pobraniowa) \u2013 op\u0142aca adresat;<\/del><br \/>\n<del>2) przelew (list polecony priorytetowy) \u2013 9 z\u0142.<\/del><\/p>\n<p><del>Do przesy\u0142ki do\u0142\u0105czony jest paragon. Je\u015bli \u017cyczysz sobie faktur\u0119 vat, trzeba napisa\u0107 w mailu z zam\u00f3wieniem: poprosz\u0119 faktur\u0119 vat, dane i NIP: xxx-xxx-xx-xx. Cena jest cen\u0105 brutto.<\/del><\/p>\n<p><del>P\u0142atno\u015bci mog\u0105 si\u0119 odbywa\u0107:<\/del><br \/>\n<del><span style=\"color: #bf8c40;\">1) przy odbiorze za pobraniem &#8211; 150 z\u0142. (koszt przesy\u0142ki pobraniowej ponosi adresat, zwykle oko\u0142o 16 z\u0142.) lub<\/span><\/del><br \/>\n<del><span style=\"color: #00ccff;\">2) przelewem na konto &#8211; 159 z\u0142. (koszt przesy\u0142ki 9 z\u0142., czyli 150 + 9 = 159).<br \/>\nNumer konta:<br \/>\n50 1020 5558 1111 1641 6630 0014<br \/>\nAgencja Artmusic<br \/>\nKrzysztof Kralka<br \/>\nul. J\u00f3zefa Kwiatka 29\/5<br \/>\n09-400 P\u0142ock<\/span><\/del><\/p>\n<p><del><span style=\"color: #00ccff;\">W tytule wp\u0142aty prosz\u0119 poda\u0107:<\/span><\/del><br \/>\n<del><span style=\"color: #00ccff;\">Improwizacja 251, in C oraz<\/span><\/del><br \/>\n<del><span style=\"color: #00ccff;\">&#8211; swoje imi\u0119 i nazwisko.<\/span><\/del><\/p>\n<p><del><span style=\"color: #339966;\">3) przesy\u0142ka zagraniczna 150 + koszty przesy\u0142ki zagranicznej (najcz\u0119\u015bciej do 20 z\u0142), uzgodnione mailem &#8211; tylko wp\u0142ata na konto.<br \/>\nNumer konta:<br \/>\n50 1020 5558 1111 1641 6630 0014<br \/>\nAgencja Artmusic<br \/>\nKrzysztof Kralka<br \/>\nIban: PL<br \/>\nSwift: BPKOPLPW<br \/>\nAdres do przelewu (potrzebny w niekt\u00f3rych bankach):<br \/>\nAgencja Artmusic<br \/>\nKrzysztof Kralka<br \/>\nul. J\u00f3zefa Kwiatka 29\/5<br \/>\n09-400 P\u0142ock<br \/>\nW tytule wp\u0142aty prosz\u0119 poda\u0107:<br \/>\nImprowizacja 251, in C oraz<br \/>\nswoje imi\u0119 i nazwisko.<\/span><\/del><\/p>\n<p><del>========================================<\/del><br \/>\n<del><span style=\"color: #00ff7f;\"><br \/>\nZakup publikacji umieszczonej na pendrive USB:<br \/>\nZa pobraniem &#8211; 170 z\u0142. (150+20+koszt przesy\u0142ki, kt\u00f3ry ponosi adresat);<br \/>\np\u0142atne przelewem &#8211; 179 z\u0142. (150+20+9=126).<\/span><\/del><\/p>\n<p><del>================================================================<\/del><\/p>\n<p><del>Czas realizacji przesy\u0142ki wynosi zwykle 1,2 dni, ale mo\u017ce zdarzy\u0107 si\u0119 d\u0142u\u017cszy \u2013 wtedy uprzedzam mailem.<\/del><\/p>\n<p><del>Uwaga. Najp\u00f3\u017aniej dwa dni po Twoim zam\u00f3wieniu mailowym otrzymasz maila zwrotnego. Jego tre\u015b\u0107 zwykle wygl\u0105da tak: Dzi\u0119kuj\u0119. Wysy\u0142ka dnia \u2026.xx.<\/del><br \/>\n<del>Je\u015bli takiego maila nie otrzyma\u0142e\u015b, prosz\u0119 o ponownego maila, a potem telefon. By\u0107 mo\u017ce Tw\u00f3j mail z zam\u00f3wieniem utkn\u0105\u0142 w spamie etc. Dotyczy to zw\u0142aszcza os\u00f3b, kt\u00f3re wp\u0142aci\u0142y pieni\u0105dze na konto.<\/del><\/p>\n<p><del>Jeden tydzie\u0144 w mazowieckie ferie oraz dwa tygodnie w wakacje chodz\u0119 po g\u00f3rach poza zasi\u0119giem internetu. Nie wpadajcie w panik\u0119, je\u015bli wtedy znikn\u0119:)<\/del><\/p>\n","protected":false},"excerpt":{"rendered":"<p>NAK\u0141AD WYCZERPANY Domy\u015blnie publikacja umieszczona jest na p\u0142ycie DVD-rom (do odtwarzania w komputerze) \u2013 koszt: 150 z\u0142. + przesy\u0142ka. Zamiast na p\u0142ycie DVD, publikacja mo\u017ce zosta\u0107 umieszczona na pendrive USB. W\u00f3wczas prosz\u0119 zaznaczy\u0107 przy zam\u00f3wieniu &#8211; &#8222;na pendrive USB&#8221; oraz doliczy\u0107 20 z\u0142. \u017beby zam\u00f3wi\u0107 \u00a0publikacj\u0119 &#8222;Krzysztof Kralka. Improwizacja II-V-I, in C&#8221; nale\u017cy wys\u0142a\u0107 mail &#8230; <a title=\"Jak zamawia\u0107 &#8222;Improwizacja II V I, in C&#8221;\" class=\"read-more\" href=\"http:\/\/www.improwizacja.com.pl\/wp\/jak-zamawiac-improwizacja-ii-v-i-in-c\/\" aria-label=\"Dowiedz si\u0119 wi\u0119cej o Jak zamawia\u0107 &#8222;Improwizacja II V I, in C&#8221;\">Dowiedz si\u0119 wi\u0119cej<\/a><\/p>\n","protected":false},"author":1,"featured_media":0,"parent":0,"menu_order":99,"comment_status":"closed","ping_status":"open","template":"","meta":{"footnotes":""},"class_list":["post-1025","page","type-page","status-publish"],"_links":{"self":[{"href":"http:\/\/www.improwizacja.com.pl\/wp\/wp-json\/wp\/v2\/pages\/1025","targetHints":{"allow":["GET"]}}],"collection":[{"href":"http:\/\/www.improwizacja.com.pl\/wp\/wp-json\/wp\/v2\/pages"}],"about":[{"href":"http:\/\/www.improwizacja.com.pl\/wp\/wp-json\/wp\/v2\/types\/page"}],"author":[{"embeddable":true,"href":"http:\/\/www.improwizacja.com.pl\/wp\/wp-json\/wp\/v2\/users\/1"}],"replies":[{"embeddable":true,"href":"http:\/\/www.improwizacja.com.pl\/wp\/wp-json\/wp\/v2\/comments?post=1025"}],"version-history":[{"count":15,"href":"http:\/\/www.improwizacja.com.pl\/wp\/wp-json\/wp\/v2\/pages\/1025\/revisions"}],"predecessor-version":[{"id":1867,"href":"http:\/\/www.improwizacja.com.pl\/wp\/wp-json\/wp\/v2\/pages\/1025\/revisions\/1867"}],"wp:attachment":[{"href":"http:\/\/www.improwizacja.com.pl\/wp\/wp-json\/wp\/v2\/media?parent=1025"}],"curies":[{"name":"wp","href":"https:\/\/api.w.org\/{rel}","templated":true}]}}